{"id":27,"date":"2024-08-10T03:52:54","date_gmt":"2024-08-10T03:52:54","guid":{"rendered":"https:\/\/lareaccioncr.com\/2026\/?page_id=27"},"modified":"2026-04-11T09:29:35","modified_gmt":"2026-04-11T15:29:35","slug":"homepage","status":"publish","type":"page","link":"https:\/\/lareaccioncr.com\/2026\/","title":{"rendered":"Inicio | La Reacci\u00f3n"},"content":{"rendered":"<p>[vc_row][vc_column][vc_empty_space][vc_column_text]<\/p>\n<h2>Noticias Destacadas<\/h2>\n<p>[\/vc_column_text][mkd_block_seven category_id=\u00bb0&#8243; author_id=\u00bb0&#8243; sort=\u00bblatest\u00bb display_pagination=\u00bbno\u00bb][\/vc_column][\/vc_row][vc_row][vc_column][vc_empty_space][\/vc_column][\/vc_row][vc_row][vc_column width=\u00bb1\/2&#8243;][vc_video link=\u00bbhttps:\/\/www.youtube.com\/watch?v=-GeO5iGcbjk\u00bb title=\u00bb\u00daltimas Transmisiones -\u00bb css=\u00bb.vc_custom_1775921362796{margin-right: 4px !important;}\u00bb][\/vc_column][vc_column width=\u00bb1\/2&#8243;][vc_video link=\u00bbhttps:\/\/www.youtube.com\/watch?v=7zDU_BvX3UY\u00bb title=\u00bbLo m\u00e1s visto -\u00bb css=\u00bb.vc_custom_1741797595642{margin-left: 4px !important;}\u00bb][\/vc_column][\/vc_row][vc_row][vc_column][vc_empty_space][vc_empty_space][\/vc_column][\/vc_row][vc_row][vc_column][\/vc_column][\/vc_row][vc_row][vc_column][vc_single_image image=\u00bb1918&#8243; img_size=\u00bbfull\u00bb alignment=\u00bbcenter\u00bb][\/vc_column][\/vc_row][vc_row][vc_column][vc_empty_space][\/vc_column][\/vc_row][vc_row][vc_column width=\u00bb1\/3&#8243;][vc_single_image image=\u00bb159&#8243; img_size=\u00bbfull\u00bb][mkd_post_layout_one number_of_posts=\u00bb1&#8243; category_id=\u00bb101&#8243; author_id=\u00bb0&#8243; sort=\u00bblatest\u00bb thumb_image_size=\u00bboriginal\u00bb display_pagination=\u00bbno\u00bb][\/vc_column][vc_column width=\u00bb1\/3&#8243;][vc_single_image image=\u00bb158&#8243; img_size=\u00bbfull\u00bb][mkd_post_layout_one number_of_posts=\u00bb2&#8243; category_id=\u00bb100&#8243; author_id=\u00bb0&#8243; thumb_image_size=\u00bboriginal\u00bb display_pagination=\u00bbno\u00bb][\/vc_column][vc_column width=\u00bb1\/3&#8243;][vc_single_image image=\u00bb160&#8243; img_size=\u00bbfull\u00bb][mkd_post_layout_one number_of_posts=\u00bb1&#8243; category_id=\u00bb98&#8243; author_id=\u00bb0&#8243; thumb_image_size=\u00bboriginal\u00bb display_pagination=\u00bbno\u00bb][\/vc_column][\/vc_row][vc_row][vc_column][vc_empty_space][\/vc_column][\/vc_row][vc_row][vc_column][vc_single_image image=\u00bb1915&#8243; img_size=\u00bbfull\u00bb alignment=\u00bbcenter\u00bb][\/vc_column][\/vc_row][vc_row][vc_column][vc_empty_space][\/vc_column][\/vc_row][vc_row][vc_column][vc_single_image image=\u00bb161&#8243; img_size=\u00bbfull\u00bb alignment=\u00bbcenter\u00bb][\/vc_column][\/vc_row][vc_row][vc_column][vc_empty_space][\/vc_column][\/vc_row][vc_row][vc_column][mkd_post_layout_six number_of_posts=\u00bb3&#8243; column_number=\u00bb3&#8243; category_id=\u00bb102&#8243; author_id=\u00bb0&#8243; thumb_image_size=\u00bboriginal\u00bb display_pagination=\u00bbno\u00bb][\/vc_column][\/vc_row][vc_row][vc_column][vc_empty_space][\/vc_column][\/vc_row][vc_row][vc_column][vc_single_image image=\u00bb1875&#8243; img_size=\u00bbfull\u00bb alignment=\u00bbcenter\u00bb onclick=\u00bbcustom_link\u00bb img_link_target=\u00bb_blank\u00bb link=\u00bbhttps:\/\/www.jps.go.cr\/\u00bb][\/vc_column][\/vc_row][vc_row][vc_column][vc_empty_space][\/vc_column][\/vc_row][vc_row][vc_column][vc_column_text]<\/p>\n<h1>\u00daltimas Noticias<\/h1>\n<p>[\/vc_column_text][mkd_post_layout_two number_of_posts=\u00bb16&#8243; category_id=\u00bb0&#8243; author_id=\u00bb0&#8243; display_pagination=\u00bbno\u00bb extra_class_name=\u00bb\u00daltimas Noticias\u00bb][\/vc_column][\/vc_row]<\/p>\n","protected":false},"excerpt":{"rendered":"<p>[vc_row][vc_column][vc_empty_space][vc_column_text] Noticias Destacadas [\/vc_column_text][mkd_block_seven category_id=\u00bb0&#8243; author_id=\u00bb0&#8243; sort=\u00bblatest\u00bb display_pagination=\u00bbno\u00bb][\/vc_column][\/vc_row][vc_row][vc_column][vc_empty_space][\/vc_column][\/vc_row][vc_row][vc_column width=\u00bb1\/2&#8243;][vc_video link=\u00bbhttps:\/\/www.youtube.com\/watch?v=-GeO5iGcbjk\u00bb title=\u00bb\u00daltimas Transmisiones -\u00bb css=\u00bb.vc_custom_1775921362796{margin-right: 4px !important;}\u00bb][\/vc_column][vc_column width=\u00bb1\/2&#8243;][vc_video link=\u00bbhttps:\/\/www.youtube.com\/watch?v=7zDU_BvX3UY\u00bb title=\u00bbLo m\u00e1s<\/p>\n","protected":false},"author":1,"featured_media":0,"parent":0,"menu_order":0,"comment_status":"closed","ping_status":"closed","template":"","meta":{"colormag_page_container_layout":"default_layout","colormag_page_sidebar_layout":"default_layout","footnotes":""},"class_list":["post-27","page","type-page","status-publish","hentry"],"yoast_head":"<!-- This site is optimized with the Yoast SEO plugin v27.5 - https:\/\/yoast.com\/product\/yoast-seo-wordpress\/ -->\n<title>Inicio | La Reacci\u00f3n - La Reacci\u00f3n | Costa Rica<\/title>\n<meta name=\"description\" content=\"LaReacci\u00f3nCR.com - Los hechos que hay que contar.\" \/>\n<meta name=\"robots\" content=\"noindex, follow, max-snippet:-1, max-image-preview:large, max-video-preview:-1\" \/>\n<meta property=\"og:locale\" content=\"es_ES\" \/>\n<meta property=\"og:type\" content=\"article\" \/>\n<meta property=\"og:title\" content=\"Inicio | La Reacci\u00f3n - La Reacci\u00f3n | Costa Rica\" \/>\n<meta property=\"og:description\" content=\"LaReacci\u00f3nCR.com - Los hechos que hay que contar.\" \/>\n<meta property=\"og:url\" content=\"https:\/\/lareaccioncr.com\/2026\/\" \/>\n<meta property=\"og:site_name\" content=\"La Reacci\u00f3n | Costa Rica\" \/>\n<meta property=\"article:modified_time\" content=\"2026-04-11T15:29:35+00:00\" \/>\n<meta name=\"twitter:card\" content=\"summary_large_image\" \/>\n<meta name=\"twitter:label1\" content=\"Tiempo de lectura\" \/>\n\t<meta name=\"twitter:data1\" content=\"2 minutos\" \/>\n<script type=\"application\/ld+json\" class=\"yoast-schema-graph\">{\"@context\":\"https:\\\/\\\/schema.org\",\"@graph\":[{\"@type\":\"WebPage\",\"@id\":\"https:\\\/\\\/lareaccioncr.com\\\/2026\\\/\",\"url\":\"https:\\\/\\\/lareaccioncr.com\\\/2026\\\/\",\"name\":\"Inicio | La Reacci\u00f3n - La Reacci\u00f3n | Costa Rica\",\"isPartOf\":{\"@id\":\"https:\\\/\\\/lareaccioncr.com\\\/2026\\\/#website\"},\"datePublished\":\"2024-08-10T03:52:54+00:00\",\"dateModified\":\"2026-04-11T15:29:35+00:00\",\"description\":\"LaReacci\u00f3nCR.com - Los hechos que hay que contar.\",\"breadcrumb\":{\"@id\":\"https:\\\/\\\/lareaccioncr.com\\\/2026\\\/#breadcrumb\"},\"inLanguage\":\"es\",\"potentialAction\":[{\"@type\":\"ReadAction\",\"target\":[\"https:\\\/\\\/lareaccioncr.com\\\/2026\\\/\"]}]},{\"@type\":\"BreadcrumbList\",\"@id\":\"https:\\\/\\\/lareaccioncr.com\\\/2026\\\/#breadcrumb\",\"itemListElement\":[{\"@type\":\"ListItem\",\"position\":1,\"name\":\"Portada\",\"item\":\"https:\\\/\\\/lareaccioncr.com\\\/2026\\\/\"},{\"@type\":\"ListItem\",\"position\":2,\"name\":\"Inicio | La Reacci\u00f3n\"}]},{\"@type\":\"WebSite\",\"@id\":\"https:\\\/\\\/lareaccioncr.com\\\/2026\\\/#website\",\"url\":\"https:\\\/\\\/lareaccioncr.com\\\/2026\\\/\",\"name\":\"La Reacci\u00f3n | Costa Rica\",\"description\":\"Medio digital costarricense\",\"publisher\":{\"@id\":\"https:\\\/\\\/lareaccioncr.com\\\/2026\\\/#organization\"},\"potentialAction\":[{\"@type\":\"SearchAction\",\"target\":{\"@type\":\"EntryPoint\",\"urlTemplate\":\"https:\\\/\\\/lareaccioncr.com\\\/2026\\\/?s={search_term_string}\"},\"query-input\":{\"@type\":\"PropertyValueSpecification\",\"valueRequired\":true,\"valueName\":\"search_term_string\"}}],\"inLanguage\":\"es\"},{\"@type\":\"Organization\",\"@id\":\"https:\\\/\\\/lareaccioncr.com\\\/2026\\\/#organization\",\"name\":\"La Reacci\u00f3n | Costa Rica\",\"url\":\"https:\\\/\\\/lareaccioncr.com\\\/2026\\\/\",\"logo\":{\"@type\":\"ImageObject\",\"inLanguage\":\"es\",\"@id\":\"https:\\\/\\\/lareaccioncr.com\\\/2026\\\/#\\\/schema\\\/logo\\\/image\\\/\",\"url\":\"https:\\\/\\\/lareaccioncr.com\\\/2026\\\/wp-content\\\/uploads\\\/2024\\\/08\\\/logo_screenshot.png\",\"contentUrl\":\"https:\\\/\\\/lareaccioncr.com\\\/2026\\\/wp-content\\\/uploads\\\/2024\\\/08\\\/logo_screenshot.png\",\"width\":514,\"height\":156,\"caption\":\"La Reacci\u00f3n | Costa Rica\"},\"image\":{\"@id\":\"https:\\\/\\\/lareaccioncr.com\\\/2026\\\/#\\\/schema\\\/logo\\\/image\\\/\"}}]}<\/script>\n<!-- \/ Yoast SEO plugin. -->","yoast_head_json":{"title":"Inicio | La Reacci\u00f3n - La Reacci\u00f3n | Costa Rica","description":"LaReacci\u00f3nCR.com - Los hechos que hay que contar.","robots":{"index":"noindex","follow":"follow","max-snippet":"max-snippet:-1","max-image-preview":"max-image-preview:large","max-video-preview":"max-video-preview:-1"},"og_locale":"es_ES","og_type":"article","og_title":"Inicio | La Reacci\u00f3n - La Reacci\u00f3n | Costa Rica","og_description":"LaReacci\u00f3nCR.com - Los hechos que hay que contar.","og_url":"https:\/\/lareaccioncr.com\/2026\/","og_site_name":"La Reacci\u00f3n | Costa Rica","article_modified_time":"2026-04-11T15:29:35+00:00","twitter_card":"summary_large_image","twitter_misc":{"Tiempo de lectura":"2 minutos"},"schema":{"@context":"https:\/\/schema.org","@graph":[{"@type":"WebPage","@id":"https:\/\/lareaccioncr.com\/2026\/","url":"https:\/\/lareaccioncr.com\/2026\/","name":"Inicio | La Reacci\u00f3n - La Reacci\u00f3n | Costa Rica","isPartOf":{"@id":"https:\/\/lareaccioncr.com\/2026\/#website"},"datePublished":"2024-08-10T03:52:54+00:00","dateModified":"2026-04-11T15:29:35+00:00","description":"LaReacci\u00f3nCR.com - Los hechos que hay que contar.","breadcrumb":{"@id":"https:\/\/lareaccioncr.com\/2026\/#breadcrumb"},"inLanguage":"es","potentialAction":[{"@type":"ReadAction","target":["https:\/\/lareaccioncr.com\/2026\/"]}]},{"@type":"BreadcrumbList","@id":"https:\/\/lareaccioncr.com\/2026\/#breadcrumb","itemListElement":[{"@type":"ListItem","position":1,"name":"Portada","item":"https:\/\/lareaccioncr.com\/2026\/"},{"@type":"ListItem","position":2,"name":"Inicio | La Reacci\u00f3n"}]},{"@type":"WebSite","@id":"https:\/\/lareaccioncr.com\/2026\/#website","url":"https:\/\/lareaccioncr.com\/2026\/","name":"La Reacci\u00f3n | Costa Rica","description":"Medio digital costarricense","publisher":{"@id":"https:\/\/lareaccioncr.com\/2026\/#organization"},"potentialAction":[{"@type":"SearchAction","target":{"@type":"EntryPoint","urlTemplate":"https:\/\/lareaccioncr.com\/2026\/?s={search_term_string}"},"query-input":{"@type":"PropertyValueSpecification","valueRequired":true,"valueName":"search_term_string"}}],"inLanguage":"es"},{"@type":"Organization","@id":"https:\/\/lareaccioncr.com\/2026\/#organization","name":"La Reacci\u00f3n | Costa Rica","url":"https:\/\/lareaccioncr.com\/2026\/","logo":{"@type":"ImageObject","inLanguage":"es","@id":"https:\/\/lareaccioncr.com\/2026\/#\/schema\/logo\/image\/","url":"https:\/\/lareaccioncr.com\/2026\/wp-content\/uploads\/2024\/08\/logo_screenshot.png","contentUrl":"https:\/\/lareaccioncr.com\/2026\/wp-content\/uploads\/2024\/08\/logo_screenshot.png","width":514,"height":156,"caption":"La Reacci\u00f3n | Costa Rica"},"image":{"@id":"https:\/\/lareaccioncr.com\/2026\/#\/schema\/logo\/image\/"}}]}},"jetpack_sharing_enabled":true,"_links":{"self":[{"href":"https:\/\/lareaccioncr.com\/2026\/wp-json\/wp\/v2\/pages\/27","targetHints":{"allow":["GET"]}}],"collection":[{"href":"https:\/\/lareaccioncr.com\/2026\/wp-json\/wp\/v2\/pages"}],"about":[{"href":"https:\/\/lareaccioncr.com\/2026\/wp-json\/wp\/v2\/types\/page"}],"author":[{"embeddable":true,"href":"https:\/\/lareaccioncr.com\/2026\/wp-json\/wp\/v2\/users\/1"}],"replies":[{"embeddable":true,"href":"https:\/\/lareaccioncr.com\/2026\/wp-json\/wp\/v2\/comments?post=27"}],"version-history":[{"count":82,"href":"https:\/\/lareaccioncr.com\/2026\/wp-json\/wp\/v2\/pages\/27\/revisions"}],"predecessor-version":[{"id":1920,"href":"https:\/\/lareaccioncr.com\/2026\/wp-json\/wp\/v2\/pages\/27\/revisions\/1920"}],"wp:attachment":[{"href":"https:\/\/lareaccioncr.com\/2026\/wp-json\/wp\/v2\/media?parent=27"}],"curies":[{"name":"wp","href":"https:\/\/api.w.org\/{rel}","templated":true}]}}